{"id":2,"date":"2022-06-28T14:03:36","date_gmt":"2022-06-28T14:03:36","guid":{"rendered":"https:\/\/www.bkk-firmus.de\/onlinemagazin\/?page_id=2"},"modified":"2026-04-16T13:00:59","modified_gmt":"2026-04-16T13:00:59","slug":"ueber-uns","status":"publish","type":"page","link":"https:\/\/services.bkk-firmus.de\/onlinemagazin\/ueber-uns\/","title":{"rendered":"\u00dcber uns"},"content":{"rendered":"\n<h1 class=\"wp-block-heading\">Kundenorientiertes Serviceunternehmen<\/h1>\n\n\n\n<p>Die <a href=\"http:\/\/www.bkk-firmus.de\" target=\"_blank\" rel=\"noreferrer noopener\">BKK firmus<\/a> ist entstanden durch den Zusammenschluss mehrerer erfolgreicher Betriebskrankenkassen, deren Ursprung in Unternehmen liegt, die f\u00fcr ihre Mitarbeiterinnen und Mitarbeiter eine eigene Krankenversicherung ins Leben riefen. Die erste BKK wurde bereits vor mehr als 180 Jahren (1841) gegr\u00fcndet.<\/p>\n\n\n\n<p>Heute ist die BKK firmus ein kundenorientiertes Serviceunternehmen, das die Kundinnen und Kunden mit ihren Bed\u00fcrfnissen und W\u00fcnschen in den Mittelpunkt stellt. Wir betreuen \u00fcber 1 Mio Kund*innen, etwa 260.000 Unternehmen und sind in vielen Bundesl\u00e4ndern ge\u00f6ffnet.<\/p>\n\n\n\n<div class=\"wp-block-group infoslider\"><div class=\"wp-block-group__inner-container is-layout-flow wp-block-group-is-layout-flow\">\n<div class=\"wp-block-group sliderelement\"><div class=\"wp-block-group__inner-container is-layout-flow wp-block-group-is-layout-flow\">\n<figure class=\"wp-block-image size-large\"><img loading=\"lazy\" decoding=\"async\" width=\"1024\" height=\"683\" src=\"https:\/\/services.bkk-firmus.de\/onlinemagazin\/wp-content\/uploads\/2022\/07\/servicezentrum_osnabrueck-1024x683.jpg\" alt=\"Servicezentrum Osnabr\u00fcck\" class=\"wp-image-226\" srcset=\"https:\/\/services.bkk-firmus.de\/onlinemagazin\/wp-content\/uploads\/2022\/07\/servicezentrum_osnabrueck-1024x683.jpg 1024w, https:\/\/services.bkk-firmus.de\/onlinemagazin\/wp-content\/uploads\/2022\/07\/servicezentrum_osnabrueck-300x200.jpg 300w, https:\/\/services.bkk-firmus.de\/onlinemagazin\/wp-content\/uploads\/2022\/07\/servicezentrum_osnabrueck-768x512.jpg 768w, https:\/\/services.bkk-firmus.de\/onlinemagazin\/wp-content\/uploads\/2022\/07\/servicezentrum_osnabrueck.jpg 1080w\" sizes=\"auto, (max-width: 1024px) 100vw, 1024px\" \/><\/figure>\n\n\n\n<h3 class=\"wp-block-heading\">Servicezentrum Osnabr\u00fcck<\/h3>\n\n\n\n<p>Knollstra\u00dfe 16&nbsp;&nbsp;&nbsp;&nbsp;&nbsp;&nbsp;&nbsp;&nbsp;&nbsp;&nbsp;&nbsp;&nbsp;&nbsp;&nbsp;&nbsp;&nbsp;&nbsp;&nbsp;&nbsp;&nbsp;&nbsp;&nbsp;&nbsp;&nbsp;&nbsp;&nbsp;<br>49074 Osnabr\u00fcck<\/p>\n\n\n\n<p><strong>\u00d6ffnungszeiten:<\/strong><br>Montag-Donnerstag: 09:00 &#8211; 17:00 Uhr<br>Freitag: 09:00 &#8211; 13:00 Uhr<\/p>\n<\/div><\/div>\n\n\n\n<div class=\"wp-block-group sliderelement\"><div class=\"wp-block-group__inner-container is-layout-flow wp-block-group-is-layout-flow\">\n<figure class=\"wp-block-image size-large\"><img loading=\"lazy\" decoding=\"async\" width=\"1024\" height=\"683\" src=\"https:\/\/services.bkk-firmus.de\/onlinemagazin\/wp-content\/uploads\/2022\/07\/servicezentrum_bremen-1024x683.jpg\" alt=\"Servicezentrum Bremen\" class=\"wp-image-227\" srcset=\"https:\/\/services.bkk-firmus.de\/onlinemagazin\/wp-content\/uploads\/2022\/07\/servicezentrum_bremen-1024x683.jpg 1024w, https:\/\/services.bkk-firmus.de\/onlinemagazin\/wp-content\/uploads\/2022\/07\/servicezentrum_bremen-300x200.jpg 300w, https:\/\/services.bkk-firmus.de\/onlinemagazin\/wp-content\/uploads\/2022\/07\/servicezentrum_bremen-768x512.jpg 768w, https:\/\/services.bkk-firmus.de\/onlinemagazin\/wp-content\/uploads\/2022\/07\/servicezentrum_bremen.jpg 1080w\" sizes=\"auto, (max-width: 1024px) 100vw, 1024px\" \/><\/figure>\n\n\n\n<h3 class=\"wp-block-heading\">Servicezentrum <br>Bremen<\/h3>\n\n\n\n<p>Gottlieb-Daimler-Str. 11<br>28237 Bremen<\/p>\n\n\n\n<p><strong>\u00d6ffnungszeiten:<\/strong><br>Montag-Donnerstag: 09:00 &#8211; 17:00 Uhr<br>Freitag: 09:00 &#8211; 13:00 Uhr<\/p>\n<\/div><\/div>\n<\/div><\/div>\n\n\n\n<p><\/p>\n","protected":false},"excerpt":{"rendered":"<p>Kundenorientiertes Serviceunternehmen Die BKK firmus ist entstanden durch den Zusammenschluss mehrerer erfolgreicher Betriebskrankenkassen, deren Ursprung in Unternehmen liegt, die f\u00fcr [&hellip;]<\/p>\n","protected":false},"author":1,"featured_media":0,"parent":0,"menu_order":0,"comment_status":"closed","ping_status":"open","template":"","meta":{"footnotes":""},"class_list":["post-2","page","type-page","status-publish","hentry"],"yoast_head":"<!-- This site is optimized with the Yoast SEO plugin v25.8 - https:\/\/yoast.com\/wordpress\/plugins\/seo\/ -->\n<title>\u00dcber uns - BKK firmus Online Magazin<\/title>\n<meta name=\"robots\" content=\"index, follow, max-snippet:-1, max-image-preview:large, max-video-preview:-1\" \/>\n<link rel=\"canonical\" href=\"https:\/\/services.bkk-firmus.de\/onlinemagazin\/ueber-uns\/\" \/>\n<meta property=\"og:locale\" content=\"de_DE\" \/>\n<meta property=\"og:type\" content=\"article\" \/>\n<meta property=\"og:title\" content=\"\u00dcber uns - BKK firmus Online Magazin\" \/>\n<meta property=\"og:description\" content=\"Kundenorientiertes Serviceunternehmen Die BKK firmus ist entstanden durch den Zusammenschluss mehrerer erfolgreicher Betriebskrankenkassen, deren Ursprung in Unternehmen liegt, die f\u00fcr [&hellip;]\" \/>\n<meta property=\"og:url\" content=\"https:\/\/services.bkk-firmus.de\/onlinemagazin\/ueber-uns\/\" \/>\n<meta property=\"og:site_name\" content=\"BKK firmus Online Magazin\" \/>\n<meta property=\"article:modified_time\" content=\"2026-04-16T13:00:59+00:00\" \/>\n<meta property=\"og:image\" content=\"https:\/\/services.bkk-firmus.de\/onlinemagazin\/wp-content\/uploads\/2022\/07\/servicezentrum_osnabrueck.jpg\" \/>\n\t<meta property=\"og:image:width\" content=\"1080\" \/>\n\t<meta property=\"og:image:height\" content=\"720\" \/>\n\t<meta property=\"og:image:type\" content=\"image\/jpeg\" \/>\n<meta name=\"twitter:card\" content=\"summary_large_image\" \/>\n<meta name=\"twitter:label1\" content=\"Gesch\u00e4tzte Lesezeit\" \/>\n\t<meta name=\"twitter:data1\" content=\"2\u00a0Minuten\" \/>\n<script type=\"application\/ld+json\" class=\"yoast-schema-graph\">{\"@context\":\"https:\/\/schema.org\",\"@graph\":[{\"@type\":\"WebPage\",\"@id\":\"https:\/\/services.bkk-firmus.de\/onlinemagazin\/ueber-uns\/\",\"url\":\"https:\/\/services.bkk-firmus.de\/onlinemagazin\/ueber-uns\/\",\"name\":\"\u00dcber uns - BKK firmus Online Magazin\",\"isPartOf\":{\"@id\":\"https:\/\/services.bkk-firmus.de\/onlinemagazin\/#website\"},\"primaryImageOfPage\":{\"@id\":\"https:\/\/services.bkk-firmus.de\/onlinemagazin\/ueber-uns\/#primaryimage\"},\"image\":{\"@id\":\"https:\/\/services.bkk-firmus.de\/onlinemagazin\/ueber-uns\/#primaryimage\"},\"thumbnailUrl\":\"https:\/\/services.bkk-firmus.de\/onlinemagazin\/wp-content\/uploads\/2022\/07\/servicezentrum_osnabrueck-1024x683.jpg\",\"datePublished\":\"2022-06-28T14:03:36+00:00\",\"dateModified\":\"2026-04-16T13:00:59+00:00\",\"breadcrumb\":{\"@id\":\"https:\/\/services.bkk-firmus.de\/onlinemagazin\/ueber-uns\/#breadcrumb\"},\"inLanguage\":\"de\",\"potentialAction\":[{\"@type\":\"ReadAction\",\"target\":[\"https:\/\/services.bkk-firmus.de\/onlinemagazin\/ueber-uns\/\"]}]},{\"@type\":\"ImageObject\",\"inLanguage\":\"de\",\"@id\":\"https:\/\/services.bkk-firmus.de\/onlinemagazin\/ueber-uns\/#primaryimage\",\"url\":\"https:\/\/services.bkk-firmus.de\/onlinemagazin\/wp-content\/uploads\/2022\/07\/servicezentrum_osnabrueck.jpg\",\"contentUrl\":\"https:\/\/services.bkk-firmus.de\/onlinemagazin\/wp-content\/uploads\/2022\/07\/servicezentrum_osnabrueck.jpg\",\"width\":1080,\"height\":720,\"caption\":\"Servicezentrum Osnabr\u00fcck\"},{\"@type\":\"BreadcrumbList\",\"@id\":\"https:\/\/services.bkk-firmus.de\/onlinemagazin\/ueber-uns\/#breadcrumb\",\"itemListElement\":[{\"@type\":\"ListItem\",\"position\":1,\"name\":\"Home\",\"item\":\"https:\/\/services.bkk-firmus.de\/onlinemagazin\/\"},{\"@type\":\"ListItem\",\"position\":2,\"name\":\"\u00dcber uns\"}]},{\"@type\":\"WebSite\",\"@id\":\"https:\/\/services.bkk-firmus.de\/onlinemagazin\/#website\",\"url\":\"https:\/\/services.bkk-firmus.de\/onlinemagazin\/\",\"name\":\"BKK firmus Online Magazin\",\"description\":\"\",\"potentialAction\":[{\"@type\":\"SearchAction\",\"target\":{\"@type\":\"EntryPoint\",\"urlTemplate\":\"https:\/\/services.bkk-firmus.de\/onlinemagazin\/?s={search_term_string}\"},\"query-input\":{\"@type\":\"PropertyValueSpecification\",\"valueRequired\":true,\"valueName\":\"search_term_string\"}}],\"inLanguage\":\"de\"}]}<\/script>\n<!-- \/ Yoast SEO plugin. -->","yoast_head_json":{"title":"\u00dcber uns - BKK firmus Online Magazin","robots":{"index":"index","follow":"follow","max-snippet":"max-snippet:-1","max-image-preview":"max-image-preview:large","max-video-preview":"max-video-preview:-1"},"canonical":"https:\/\/services.bkk-firmus.de\/onlinemagazin\/ueber-uns\/","og_locale":"de_DE","og_type":"article","og_title":"\u00dcber uns - BKK firmus Online Magazin","og_description":"Kundenorientiertes Serviceunternehmen Die BKK firmus ist entstanden durch den Zusammenschluss mehrerer erfolgreicher Betriebskrankenkassen, deren Ursprung in Unternehmen liegt, die f\u00fcr [&hellip;]","og_url":"https:\/\/services.bkk-firmus.de\/onlinemagazin\/ueber-uns\/","og_site_name":"BKK firmus Online Magazin","article_modified_time":"2026-04-16T13:00:59+00:00","og_image":[{"width":1080,"height":720,"url":"https:\/\/services.bkk-firmus.de\/onlinemagazin\/wp-content\/uploads\/2022\/07\/servicezentrum_osnabrueck.jpg","type":"image\/jpeg"}],"twitter_card":"summary_large_image","twitter_misc":{"Gesch\u00e4tzte Lesezeit":"2\u00a0Minuten"},"schema":{"@context":"https:\/\/schema.org","@graph":[{"@type":"WebPage","@id":"https:\/\/services.bkk-firmus.de\/onlinemagazin\/ueber-uns\/","url":"https:\/\/services.bkk-firmus.de\/onlinemagazin\/ueber-uns\/","name":"\u00dcber uns - BKK firmus Online Magazin","isPartOf":{"@id":"https:\/\/services.bkk-firmus.de\/onlinemagazin\/#website"},"primaryImageOfPage":{"@id":"https:\/\/services.bkk-firmus.de\/onlinemagazin\/ueber-uns\/#primaryimage"},"image":{"@id":"https:\/\/services.bkk-firmus.de\/onlinemagazin\/ueber-uns\/#primaryimage"},"thumbnailUrl":"https:\/\/services.bkk-firmus.de\/onlinemagazin\/wp-content\/uploads\/2022\/07\/servicezentrum_osnabrueck-1024x683.jpg","datePublished":"2022-06-28T14:03:36+00:00","dateModified":"2026-04-16T13:00:59+00:00","breadcrumb":{"@id":"https:\/\/services.bkk-firmus.de\/onlinemagazin\/ueber-uns\/#breadcrumb"},"inLanguage":"de","potentialAction":[{"@type":"ReadAction","target":["https:\/\/services.bkk-firmus.de\/onlinemagazin\/ueber-uns\/"]}]},{"@type":"ImageObject","inLanguage":"de","@id":"https:\/\/services.bkk-firmus.de\/onlinemagazin\/ueber-uns\/#primaryimage","url":"https:\/\/services.bkk-firmus.de\/onlinemagazin\/wp-content\/uploads\/2022\/07\/servicezentrum_osnabrueck.jpg","contentUrl":"https:\/\/services.bkk-firmus.de\/onlinemagazin\/wp-content\/uploads\/2022\/07\/servicezentrum_osnabrueck.jpg","width":1080,"height":720,"caption":"Servicezentrum Osnabr\u00fcck"},{"@type":"BreadcrumbList","@id":"https:\/\/services.bkk-firmus.de\/onlinemagazin\/ueber-uns\/#breadcrumb","itemListElement":[{"@type":"ListItem","position":1,"name":"Home","item":"https:\/\/services.bkk-firmus.de\/onlinemagazin\/"},{"@type":"ListItem","position":2,"name":"\u00dcber uns"}]},{"@type":"WebSite","@id":"https:\/\/services.bkk-firmus.de\/onlinemagazin\/#website","url":"https:\/\/services.bkk-firmus.de\/onlinemagazin\/","name":"BKK firmus Online Magazin","description":"","potentialAction":[{"@type":"SearchAction","target":{"@type":"EntryPoint","urlTemplate":"https:\/\/services.bkk-firmus.de\/onlinemagazin\/?s={search_term_string}"},"query-input":{"@type":"PropertyValueSpecification","valueRequired":true,"valueName":"search_term_string"}}],"inLanguage":"de"}]}},"_links":{"self":[{"href":"https:\/\/services.bkk-firmus.de\/onlinemagazin\/wp-json\/wp\/v2\/pages\/2","targetHints":{"allow":["GET"]}}],"collection":[{"href":"https:\/\/services.bkk-firmus.de\/onlinemagazin\/wp-json\/wp\/v2\/pages"}],"about":[{"href":"https:\/\/services.bkk-firmus.de\/onlinemagazin\/wp-json\/wp\/v2\/types\/page"}],"author":[{"embeddable":true,"href":"https:\/\/services.bkk-firmus.de\/onlinemagazin\/wp-json\/wp\/v2\/users\/1"}],"replies":[{"embeddable":true,"href":"https:\/\/services.bkk-firmus.de\/onlinemagazin\/wp-json\/wp\/v2\/comments?post=2"}],"version-history":[{"count":30,"href":"https:\/\/services.bkk-firmus.de\/onlinemagazin\/wp-json\/wp\/v2\/pages\/2\/revisions"}],"predecessor-version":[{"id":1348,"href":"https:\/\/services.bkk-firmus.de\/onlinemagazin\/wp-json\/wp\/v2\/pages\/2\/revisions\/1348"}],"wp:attachment":[{"href":"https:\/\/services.bkk-firmus.de\/onlinemagazin\/wp-json\/wp\/v2\/media?parent=2"}],"curies":[{"name":"wp","href":"https:\/\/api.w.org\/{rel}","templated":true}]}}