{"id":15,"date":"2022-06-28T14:19:40","date_gmt":"2022-06-28T14:19:40","guid":{"rendered":"https:\/\/www.bkk-firmus.de\/onlinemagazin\/?page_id=15"},"modified":"2025-09-01T08:59:13","modified_gmt":"2025-09-01T08:59:13","slug":"barrierefreiheit","status":"publish","type":"page","link":"https:\/\/services.bkk-firmus.de\/onlinemagazin\/barrierefreiheit\/","title":{"rendered":"Barrierefreiheit"},"content":{"rendered":"\n<h1 class=\"wp-block-heading\">Erkl\u00e4rung zur Barrierefreiheit<\/h1>\n\n\n\n<p>Diese Erkl\u00e4rung zur Barrierefreiheit gilt f\u00fcr die Website <br><a href=\"https:\/\/services.bkk-firmus.de\/onlinemagazin\/\">https:\/\/services.bkk-firmus.de\/onlinemagazin\/<\/a><\/p>\n\n\n\n<p>Wir bem\u00fchen uns, unsere Website im Einklang mit den nationalen Rechtsvorschriften zur Umsetzung der Richtlinie (EU) 2016\/2102 barrierefrei zug\u00e4nglich zu machen. Rechtsgrundlage sind die <strong>Behindertengleichstellungsgesetze (BGG)<\/strong> sowie die <strong>Barrierefreie-Informationstechnik-Verordnung (BITV 2.0)<\/strong>.<\/p>\n\n\n\n<h2 class=\"wp-block-heading\">Stand der Vereinbarkeit mit den Anforderungen<\/h2>\n\n\n\n<p>Diese Website ist mit den Vorgaben der BITV 2.0 vereinbar.<\/p>\n\n\n\n<h3 class=\"wp-block-heading\">Nicht barrierefreie Inhalte:<\/h3>\n\n\n\n<ul class=\"wp-block-list\">\n<li>Einige PDF-Dokumente sind nicht barrierefrei.<\/li>\n\n\n\n<li>Alternativtexte f\u00fcr alle Bilder sind noch nicht vollst\u00e4ndig hinterlegt.<\/li>\n\n\n\n<li>Farbkontraste k\u00f6nnen \u00fcber den Eye-Able Assistenten am rechten Bildschirmrand angepasst werden.<\/li>\n<\/ul>\n\n\n\n<h2 class=\"wp-block-heading\">Erstellung dieser Erkl\u00e4rung zur Barrierefreiheit<\/h2>\n\n\n\n<p>Diese Erkl\u00e4rung wurde erstellt am 01.09.2025. Die Einsch\u00e4tzung beruht auf Selbsteinsch\u00e4tzung.<\/p>\n\n\n\n<h2 class=\"wp-block-heading\">R\u00fcckmeldung und Kontakt<\/h2>\n\n\n\n<p>Sind Ihnen M\u00e4ngel beim barrierefreien Zugang zu Inhalten unserer Website aufgefallen? Oder haben Sie Fragen zur Barrierefreiheit? Dann kontaktieren Sie uns bitte:<\/p>\n\n\n\n<p><strong><strong>Betriebskrankenkasse firmus<\/strong><\/strong><br>E-Mail: <a href=\"mailto:impressum@bkk-firmus.de\">impressum@bkk-firmus.de<\/a><br>Telefon: 0421 64343 oder 0541 331410<\/p>\n\n\n\n<h2 class=\"wp-block-heading\">Schlichtungsverfahren<\/h2>\n\n\n\n<p>Wenn Sie innerhalb von<strong> <\/strong>4 Wochen keine zufriedenstellende Antwort auf Ihre Anfrage zur Barrierefreiheit erhalten, k\u00f6nnen Sie sich an die Schlichtungsstelle gem\u00e4\u00df \u00a7 16 BGG wenden:<\/p>\n\n\n\n<p><strong>Schlichtungsstelle BGG<\/strong><br>bei dem Beauftragten der Bundesregierung f\u00fcr die Belange von Menschen mit Behinderungen<br>Mauerstra\u00dfe 53<br>10117 Berlin<br>Webseite: <a href=\"https:\/\/www.schlichtungsstelle-bgg.de\" target=\"_blank\" rel=\"noreferrer noopener\">www.schlichtungsstelle-bgg.de<\/a><\/p>\n","protected":false},"excerpt":{"rendered":"<p>Erkl\u00e4rung zur Barrierefreiheit Diese Erkl\u00e4rung zur Barrierefreiheit gilt f\u00fcr die Website https:\/\/services.bkk-firmus.de\/onlinemagazin\/ Wir bem\u00fchen uns, unsere Website im Einklang mit [&hellip;]<\/p>\n","protected":false},"author":1,"featured_media":0,"parent":0,"menu_order":30,"comment_status":"closed","ping_status":"closed","template":"","meta":{"footnotes":""},"class_list":["post-15","page","type-page","status-publish","hentry"],"yoast_head":"<!-- This site is optimized with the Yoast SEO plugin v25.8 - https:\/\/yoast.com\/wordpress\/plugins\/seo\/ -->\n<title>Barrierefreiheit - BKK firmus Online Magazin<\/title>\n<meta name=\"robots\" content=\"index, follow, max-snippet:-1, max-image-preview:large, max-video-preview:-1\" \/>\n<link rel=\"canonical\" href=\"https:\/\/services.bkk-firmus.de\/onlinemagazin\/barrierefreiheit\/\" \/>\n<meta property=\"og:locale\" content=\"de_DE\" \/>\n<meta property=\"og:type\" content=\"article\" \/>\n<meta property=\"og:title\" content=\"Barrierefreiheit - BKK firmus Online Magazin\" \/>\n<meta property=\"og:description\" content=\"Erkl\u00e4rung zur Barrierefreiheit Diese Erkl\u00e4rung zur Barrierefreiheit gilt f\u00fcr die Website https:\/\/services.bkk-firmus.de\/onlinemagazin\/ Wir bem\u00fchen uns, unsere Website im Einklang mit [&hellip;]\" \/>\n<meta property=\"og:url\" content=\"https:\/\/services.bkk-firmus.de\/onlinemagazin\/barrierefreiheit\/\" \/>\n<meta property=\"og:site_name\" content=\"BKK firmus Online Magazin\" \/>\n<meta property=\"article:modified_time\" content=\"2025-09-01T08:59:13+00:00\" \/>\n<meta name=\"twitter:card\" content=\"summary_large_image\" \/>\n<meta name=\"twitter:label1\" content=\"Gesch\u00e4tzte Lesezeit\" \/>\n\t<meta name=\"twitter:data1\" content=\"2\u00a0Minuten\" \/>\n<script type=\"application\/ld+json\" class=\"yoast-schema-graph\">{\"@context\":\"https:\/\/schema.org\",\"@graph\":[{\"@type\":\"WebPage\",\"@id\":\"https:\/\/services.bkk-firmus.de\/onlinemagazin\/barrierefreiheit\/\",\"url\":\"https:\/\/services.bkk-firmus.de\/onlinemagazin\/barrierefreiheit\/\",\"name\":\"Barrierefreiheit - BKK firmus Online Magazin\",\"isPartOf\":{\"@id\":\"https:\/\/services.bkk-firmus.de\/onlinemagazin\/#website\"},\"datePublished\":\"2022-06-28T14:19:40+00:00\",\"dateModified\":\"2025-09-01T08:59:13+00:00\",\"breadcrumb\":{\"@id\":\"https:\/\/services.bkk-firmus.de\/onlinemagazin\/barrierefreiheit\/#breadcrumb\"},\"inLanguage\":\"de\",\"potentialAction\":[{\"@type\":\"ReadAction\",\"target\":[\"https:\/\/services.bkk-firmus.de\/onlinemagazin\/barrierefreiheit\/\"]}]},{\"@type\":\"BreadcrumbList\",\"@id\":\"https:\/\/services.bkk-firmus.de\/onlinemagazin\/barrierefreiheit\/#breadcrumb\",\"itemListElement\":[{\"@type\":\"ListItem\",\"position\":1,\"name\":\"Home\",\"item\":\"https:\/\/services.bkk-firmus.de\/onlinemagazin\/\"},{\"@type\":\"ListItem\",\"position\":2,\"name\":\"Barrierefreiheit\"}]},{\"@type\":\"WebSite\",\"@id\":\"https:\/\/services.bkk-firmus.de\/onlinemagazin\/#website\",\"url\":\"https:\/\/services.bkk-firmus.de\/onlinemagazin\/\",\"name\":\"BKK firmus Online Magazin\",\"description\":\"\",\"potentialAction\":[{\"@type\":\"SearchAction\",\"target\":{\"@type\":\"EntryPoint\",\"urlTemplate\":\"https:\/\/services.bkk-firmus.de\/onlinemagazin\/?s={search_term_string}\"},\"query-input\":{\"@type\":\"PropertyValueSpecification\",\"valueRequired\":true,\"valueName\":\"search_term_string\"}}],\"inLanguage\":\"de\"}]}<\/script>\n<!-- \/ Yoast SEO plugin. -->","yoast_head_json":{"title":"Barrierefreiheit - BKK firmus Online Magazin","robots":{"index":"index","follow":"follow","max-snippet":"max-snippet:-1","max-image-preview":"max-image-preview:large","max-video-preview":"max-video-preview:-1"},"canonical":"https:\/\/services.bkk-firmus.de\/onlinemagazin\/barrierefreiheit\/","og_locale":"de_DE","og_type":"article","og_title":"Barrierefreiheit - BKK firmus Online Magazin","og_description":"Erkl\u00e4rung zur Barrierefreiheit Diese Erkl\u00e4rung zur Barrierefreiheit gilt f\u00fcr die Website https:\/\/services.bkk-firmus.de\/onlinemagazin\/ Wir bem\u00fchen uns, unsere Website im Einklang mit [&hellip;]","og_url":"https:\/\/services.bkk-firmus.de\/onlinemagazin\/barrierefreiheit\/","og_site_name":"BKK firmus Online Magazin","article_modified_time":"2025-09-01T08:59:13+00:00","twitter_card":"summary_large_image","twitter_misc":{"Gesch\u00e4tzte Lesezeit":"2\u00a0Minuten"},"schema":{"@context":"https:\/\/schema.org","@graph":[{"@type":"WebPage","@id":"https:\/\/services.bkk-firmus.de\/onlinemagazin\/barrierefreiheit\/","url":"https:\/\/services.bkk-firmus.de\/onlinemagazin\/barrierefreiheit\/","name":"Barrierefreiheit - BKK firmus Online Magazin","isPartOf":{"@id":"https:\/\/services.bkk-firmus.de\/onlinemagazin\/#website"},"datePublished":"2022-06-28T14:19:40+00:00","dateModified":"2025-09-01T08:59:13+00:00","breadcrumb":{"@id":"https:\/\/services.bkk-firmus.de\/onlinemagazin\/barrierefreiheit\/#breadcrumb"},"inLanguage":"de","potentialAction":[{"@type":"ReadAction","target":["https:\/\/services.bkk-firmus.de\/onlinemagazin\/barrierefreiheit\/"]}]},{"@type":"BreadcrumbList","@id":"https:\/\/services.bkk-firmus.de\/onlinemagazin\/barrierefreiheit\/#breadcrumb","itemListElement":[{"@type":"ListItem","position":1,"name":"Home","item":"https:\/\/services.bkk-firmus.de\/onlinemagazin\/"},{"@type":"ListItem","position":2,"name":"Barrierefreiheit"}]},{"@type":"WebSite","@id":"https:\/\/services.bkk-firmus.de\/onlinemagazin\/#website","url":"https:\/\/services.bkk-firmus.de\/onlinemagazin\/","name":"BKK firmus Online Magazin","description":"","potentialAction":[{"@type":"SearchAction","target":{"@type":"EntryPoint","urlTemplate":"https:\/\/services.bkk-firmus.de\/onlinemagazin\/?s={search_term_string}"},"query-input":{"@type":"PropertyValueSpecification","valueRequired":true,"valueName":"search_term_string"}}],"inLanguage":"de"}]}},"_links":{"self":[{"href":"https:\/\/services.bkk-firmus.de\/onlinemagazin\/wp-json\/wp\/v2\/pages\/15","targetHints":{"allow":["GET"]}}],"collection":[{"href":"https:\/\/services.bkk-firmus.de\/onlinemagazin\/wp-json\/wp\/v2\/pages"}],"about":[{"href":"https:\/\/services.bkk-firmus.de\/onlinemagazin\/wp-json\/wp\/v2\/types\/page"}],"author":[{"embeddable":true,"href":"https:\/\/services.bkk-firmus.de\/onlinemagazin\/wp-json\/wp\/v2\/users\/1"}],"replies":[{"embeddable":true,"href":"https:\/\/services.bkk-firmus.de\/onlinemagazin\/wp-json\/wp\/v2\/comments?post=15"}],"version-history":[{"count":9,"href":"https:\/\/services.bkk-firmus.de\/onlinemagazin\/wp-json\/wp\/v2\/pages\/15\/revisions"}],"predecessor-version":[{"id":1107,"href":"https:\/\/services.bkk-firmus.de\/onlinemagazin\/wp-json\/wp\/v2\/pages\/15\/revisions\/1107"}],"wp:attachment":[{"href":"https:\/\/services.bkk-firmus.de\/onlinemagazin\/wp-json\/wp\/v2\/media?parent=15"}],"curies":[{"name":"wp","href":"https:\/\/api.w.org\/{rel}","templated":true}]}}